{"id":7,"date":"2017-07-08T16:08:51","date_gmt":"2017-07-08T14:08:51","guid":{"rendered":"http:\/\/hv-aue.de\/hv\/?page_id=7"},"modified":"2026-01-05T10:18:54","modified_gmt":"2026-01-05T09:18:54","slug":"startseite","status":"publish","type":"page","link":"https:\/\/hv-aue.de\/hv\/","title":{"rendered":"Startseite"},"content":{"rendered":"<p><strong><span style=\"font-size: 32px;\">Willkommen<\/span><\/strong><\/p>\n<p><img loading=\"lazy\" decoding=\"async\" class=\"alignleft\" src=\"https:\/\/hv-aue.de\/hv\/wp-content\/uploads\/2017\/10\/hahnemann.png\" alt=\"Samuel Hahnemann\" width=\"242\" height=\"224\" \/><span style=\"font-size: 20px;\">Seit nunmehr 99 Jahren sieht der <strong>Verein f\u00fcr Hom\u00f6opathie und Lebenspflege e.V. Karlsruhe-Aue<\/strong> seine Aufgabe darin, die hom\u00f6opathische Heillehre nach Dr. Samuel Hahnemann allen Interessierten leicht und verst\u00e4ndlich nahe zu bringen.<\/span><\/p>\n<p><span style=\"font-size: 20px;\">Die Hom\u00f6opathie ist eine Methode, die ganzheitlich auf K\u00f6rper, Geist und Seele wirkt und so die Gesundheit sanft und dauerhaft wiederherstellt. Durch den Besuch unserer Vortr\u00e4ge und Veranstaltungen lernen Sie Krankheiten vorzubeugen und leichte Gesundheitsst\u00f6rungen selbst zu beheben.<\/span><\/p>\n<p><span style=\"font-size: 20px;\">Hier k\u00f6nnen Sie sich informieren und dieses Wissen f\u00fcr sich und Ihre Gesundheit nutzen. Haben wir Ihr Interesse geweckt? Dann freuen wir uns, Sie bei einem unserer <strong><a href=\"https:\/\/hv-aue.de\/hv\/termine\/\">n\u00e4chsten Vortr\u00e4ge<\/a><\/strong> zu begr\u00fc\u00dfen!<\/span><\/p>\n","protected":false},"excerpt":{"rendered":"<p>Willkommen Seit nunmehr 99 Jahren sieht der Verein f\u00fcr Hom\u00f6opathie und Lebenspflege e.V. Karlsruhe-Aue seine Aufgabe darin, die hom\u00f6opathische Heillehre nach Dr. Samuel Hahnemann allen Interessierten leicht und verst\u00e4ndlich nahe zu bringen. Die Hom\u00f6opathie ist eine Methode, die ganzheitlich auf K\u00f6rper, Geist und Seele wirkt und so die Gesundheit sanft und dauerhaft wiederherstellt. Durch den [&hellip;]<\/p>\n","protected":false},"author":1,"featured_media":0,"parent":0,"menu_order":0,"comment_status":"closed","ping_status":"closed","template":"","meta":{"footnotes":""},"class_list":["post-7","page","type-page","status-publish"],"_links":{"self":[{"href":"https:\/\/hv-aue.de\/hv\/wp-json\/wp\/v2\/pages\/7","targetHints":{"allow":["GET"]}}],"collection":[{"href":"https:\/\/hv-aue.de\/hv\/wp-json\/wp\/v2\/pages"}],"about":[{"href":"https:\/\/hv-aue.de\/hv\/wp-json\/wp\/v2\/types\/page"}],"author":[{"embeddable":true,"href":"https:\/\/hv-aue.de\/hv\/wp-json\/wp\/v2\/users\/1"}],"replies":[{"embeddable":true,"href":"https:\/\/hv-aue.de\/hv\/wp-json\/wp\/v2\/comments?post=7"}],"version-history":[{"count":51,"href":"https:\/\/hv-aue.de\/hv\/wp-json\/wp\/v2\/pages\/7\/revisions"}],"predecessor-version":[{"id":819,"href":"https:\/\/hv-aue.de\/hv\/wp-json\/wp\/v2\/pages\/7\/revisions\/819"}],"wp:attachment":[{"href":"https:\/\/hv-aue.de\/hv\/wp-json\/wp\/v2\/media?parent=7"}],"curies":[{"name":"wp","href":"https:\/\/api.w.org\/{rel}","templated":true}]}}