{"id":54,"date":"2017-07-08T16:46:45","date_gmt":"2017-07-08T14:46:45","guid":{"rendered":"http:\/\/hv-aue.de\/hv\/?page_id=54"},"modified":"2024-03-21T20:35:45","modified_gmt":"2024-03-21T19:35:45","slug":"impressum","status":"publish","type":"page","link":"https:\/\/hv-aue.de\/hv\/impressum\/","title":{"rendered":"Impressum"},"content":{"rendered":"<h2>Verantwortlich f\u00fcr den Inhalt<\/h2>\n<p><span style=\"font-size: 20px;\">Verein f\u00fcr Hom\u00f6opathie und Lebenspflege e.V. Karlsruhe-Aue<\/span><\/p>\n<table style=\"width: 64.7635%; height: 94px;\" border=\"0\" cellspacing=\"0\" cellpadding=\"0\">\n<tbody>\n<tr>\n<td id=\"table1\" style=\"width: 46.6888%;\"><span style=\"font-size: 20px;\">1. Vorsitzender<\/span><br \/>\n<span style=\"font-size: 20px;\">Thomas Rathgeber<\/span><br \/>\n<span style=\"font-size: 20px;\">Tel.: (0721) 94 31 43 7<\/span><\/td>\n<td style=\"width: 110.729%;\"><span style=\"font-size: 20px;\">2. Vorsitzende<\/span><br \/>\n<span style=\"font-size: 20px;\">Angelika Mannshardt<\/span><br \/>\n<span style=\"font-size: 20px;\">Tel.: (0721) 43 032<\/span><\/td>\n<\/tr>\n<\/tbody>\n<\/table>\n<h2>Postanschrift<\/h2>\n<p><span style=\"font-size: 20px;\">Verein f\u00fcr Hom\u00f6opathie u. Lebenspflege e.V.<\/span><br \/>\n<span style=\"font-size: 20px;\">Karlsruhe-Aue<\/span><br \/>\n<span style=\"font-size: 20px;\">Ersinger Str. 4B<\/span><br \/>\n<span style=\"font-size: 20px;\">76227\u00a0 Karlsruhe<\/span><\/p>\n<p><span style=\"font-size: 20px;\">Internet: www.hv-aue.de<\/span><br \/>\n<span style=\"font-size: 20px;\">E-Mail: info(at)hv-aue(dot)de<\/span><br \/>\n<span style=\"font-size: 20px;\">[Achtung SPAM-Schutz! Bitte (at) ersetzen durch @, sowie (dot) durch den Punkt . ]<\/span><\/p>\n","protected":false},"excerpt":{"rendered":"<p>Verantwortlich f\u00fcr den Inhalt Verein f\u00fcr Hom\u00f6opathie und Lebenspflege e.V. Karlsruhe-Aue 1. Vorsitzender Thomas Rathgeber Tel.: (0721) 94 31 43 7 2. Vorsitzende Angelika Mannshardt Tel.: (0721) 43 032 Postanschrift Verein f\u00fcr Hom\u00f6opathie u. Lebenspflege e.V. Karlsruhe-Aue Ersinger Str. 4B 76227\u00a0 Karlsruhe Internet: www.hv-aue.de E-Mail: info(at)hv-aue(dot)de [Achtung SPAM-Schutz! Bitte (at) ersetzen durch @, sowie (dot) [&hellip;]<\/p>\n","protected":false},"author":1,"featured_media":0,"parent":0,"menu_order":0,"comment_status":"closed","ping_status":"closed","template":"","meta":{"footnotes":""},"class_list":["post-54","page","type-page","status-publish"],"_links":{"self":[{"href":"https:\/\/hv-aue.de\/hv\/wp-json\/wp\/v2\/pages\/54","targetHints":{"allow":["GET"]}}],"collection":[{"href":"https:\/\/hv-aue.de\/hv\/wp-json\/wp\/v2\/pages"}],"about":[{"href":"https:\/\/hv-aue.de\/hv\/wp-json\/wp\/v2\/types\/page"}],"author":[{"embeddable":true,"href":"https:\/\/hv-aue.de\/hv\/wp-json\/wp\/v2\/users\/1"}],"replies":[{"embeddable":true,"href":"https:\/\/hv-aue.de\/hv\/wp-json\/wp\/v2\/comments?post=54"}],"version-history":[{"count":11,"href":"https:\/\/hv-aue.de\/hv\/wp-json\/wp\/v2\/pages\/54\/revisions"}],"predecessor-version":[{"id":696,"href":"https:\/\/hv-aue.de\/hv\/wp-json\/wp\/v2\/pages\/54\/revisions\/696"}],"wp:attachment":[{"href":"https:\/\/hv-aue.de\/hv\/wp-json\/wp\/v2\/media?parent=54"}],"curies":[{"name":"wp","href":"https:\/\/api.w.org\/{rel}","templated":true}]}}