{"id":50,"date":"2017-07-08T16:46:26","date_gmt":"2017-07-08T14:46:26","guid":{"rendered":"http:\/\/hv-aue.de\/hv\/?page_id=50"},"modified":"2024-03-21T20:31:51","modified_gmt":"2024-03-21T19:31:51","slug":"mitglied-werden","status":"publish","type":"page","link":"https:\/\/hv-aue.de\/hv\/mitglied-werden\/","title":{"rendered":"Mitglied werden"},"content":{"rendered":"<h2>Eine Mitgliedschaft in unserem Verein lohnt sich!<\/h2>\n<p><span style=\"font-size: 20px;\">Die meisten Vortr\u00e4ge sind f\u00fcr Mitglieder kostenlos bzw. erm\u00e4\u00dfigt.<\/span><br \/>\n<span style=\"font-size: 20px;\">Der Jahresbeitrag betr\u00e4gt zur Zeit <strong>20 Euro<\/strong>.<\/span><\/p>\n<p><span style=\"font-size: 20px;\">Mindestens 5 gute Gr\u00fcnde, Mitglied zu werden<\/span><\/p>\n<ul>\n<li><span style=\"font-size: 20px;\">Sie lernen Wissenswertes \u00fcber Ihre Gesundheit.<\/span><\/li>\n<li><span style=\"font-size: 20px;\">Sie lernen, wie Sie einfache Erkrankungen selbst behandeln k\u00f6nnen.<\/span><\/li>\n<li><span style=\"font-size: 20px;\">Sie unterst\u00fctzen unsere ehrenamtliche Vereinsarbeit und die Verbreitung der Hom\u00f6opathie.<\/span><\/li>\n<li><span style=\"font-size: 20px;\">F\u00fcr Mitglieder sind unsere monatlichen Vortragsabende kostenlos.<\/span><\/li>\n<li><span style=\"font-size: 20px;\">M\u00f6glichkeit eines verg\u00fcnstigten Bezuges der Zeitschrift \u201e<strong><a href=\"http:\/\/www.naturundheilen.de\/\" target=\"_blank\" rel=\"noopener noreferrer\">Natur &amp; Heilen<\/a><\/strong>\u201c<\/span><br \/>\n<span style=\"font-size: 20px;\">(F\u00fcr weitere Informationen bitte <strong><a href=\"http:\/\/www.naturundheilen.de\/\" target=\"_blank\" rel=\"noopener noreferrer\">hier<\/a><\/strong> klicken. Sie werden weitergeleitet auf die Seite von Natur und Heilen.)<\/span><\/li>\n<\/ul>\n<p>&nbsp;<\/p>\n<ul>\n<li><span style=\"font-size: 20px;\">Auf unserer <strong><a href=\"https:\/\/hv-aue.de\/hv\/wp-content\/uploads\/2022\/07\/infobroschuere.pdf\" target=\"_blank\" rel=\"noopener noreferrer\">Infobrosch\u00fcre<\/a> <\/strong>finden Sie eine Beitrittserkl\u00e4rung f\u00fcr unseren Verein.<\/span><\/li>\n<\/ul>\n","protected":false},"excerpt":{"rendered":"<p>Eine Mitgliedschaft in unserem Verein lohnt sich! Die meisten Vortr\u00e4ge sind f\u00fcr Mitglieder kostenlos bzw. erm\u00e4\u00dfigt. Der Jahresbeitrag betr\u00e4gt zur Zeit 20 Euro. Mindestens 5 gute Gr\u00fcnde, Mitglied zu werden Sie lernen Wissenswertes \u00fcber Ihre Gesundheit. Sie lernen, wie Sie einfache Erkrankungen selbst behandeln k\u00f6nnen. Sie unterst\u00fctzen unsere ehrenamtliche Vereinsarbeit und die Verbreitung der Hom\u00f6opathie. [&hellip;]<\/p>\n","protected":false},"author":1,"featured_media":0,"parent":0,"menu_order":0,"comment_status":"closed","ping_status":"closed","template":"","meta":{"footnotes":""},"class_list":["post-50","page","type-page","status-publish"],"_links":{"self":[{"href":"https:\/\/hv-aue.de\/hv\/wp-json\/wp\/v2\/pages\/50","targetHints":{"allow":["GET"]}}],"collection":[{"href":"https:\/\/hv-aue.de\/hv\/wp-json\/wp\/v2\/pages"}],"about":[{"href":"https:\/\/hv-aue.de\/hv\/wp-json\/wp\/v2\/types\/page"}],"author":[{"embeddable":true,"href":"https:\/\/hv-aue.de\/hv\/wp-json\/wp\/v2\/users\/1"}],"replies":[{"embeddable":true,"href":"https:\/\/hv-aue.de\/hv\/wp-json\/wp\/v2\/comments?post=50"}],"version-history":[{"count":22,"href":"https:\/\/hv-aue.de\/hv\/wp-json\/wp\/v2\/pages\/50\/revisions"}],"predecessor-version":[{"id":687,"href":"https:\/\/hv-aue.de\/hv\/wp-json\/wp\/v2\/pages\/50\/revisions\/687"}],"wp:attachment":[{"href":"https:\/\/hv-aue.de\/hv\/wp-json\/wp\/v2\/media?parent=50"}],"curies":[{"name":"wp","href":"https:\/\/api.w.org\/{rel}","templated":true}]}}