{"id":46,"date":"2017-07-08T16:46:00","date_gmt":"2017-07-08T14:46:00","guid":{"rendered":"http:\/\/hv-aue.de\/hv\/?page_id=46"},"modified":"2024-03-19T21:39:40","modified_gmt":"2024-03-19T20:39:40","slug":"ziele","status":"publish","type":"page","link":"https:\/\/hv-aue.de\/hv\/ziele\/","title":{"rendered":"Ziele"},"content":{"rendered":"<h2>Unsere Ziele sind:<\/h2>\n<p>&nbsp;<\/p>\n<table style=\"border-collapse: collapse; width: 100%; height: 250px;\">\n<tbody>\n<tr style=\"height: 56px;\">\n<td style=\"width: 100%; height: 56px;\">\n<ul>\n<li><span style=\"font-size: 20px;\"><em>Verbreitung und Anerkennung der Hom\u00f6opathie<\/em><\/span><\/li>\n<\/ul>\n<\/td>\n<\/tr>\n<tr style=\"height: 56px;\">\n<td style=\"width: 100%; height: 56px;\">\n<ul>\n<li><span style=\"font-size: 20px;\"><em>Information \u00fcber eine nat\u00fcrliche, gesunde Ern\u00e4hrungs- und Lebensweise<\/em><\/span><\/li>\n<\/ul>\n<\/td>\n<\/tr>\n<tr style=\"height: 56px;\">\n<td style=\"width: 100%; height: 56px;\">\n<ul>\n<li><span style=\"font-size: 20px;\"><em>Gesundheitsbewusstsein und Eigenverantwortung zu wecken und<br \/>\n<\/em><\/span><\/li>\n<\/ul>\n<\/td>\n<\/tr>\n<tr style=\"height: 10px;\">\n<td style=\"width: 100%; height: 10px;\">\n<ul>\n<li><span style=\"font-size: 20px;\"><em>Medikamentenkonsum kritisch zu hinterfragen<\/em><\/span><\/li>\n<\/ul>\n<\/td>\n<\/tr>\n<\/tbody>\n<\/table>\n","protected":false},"excerpt":{"rendered":"<p>Unsere Ziele sind: &nbsp; Verbreitung und Anerkennung der Hom\u00f6opathie Information \u00fcber eine nat\u00fcrliche, gesunde Ern\u00e4hrungs- und Lebensweise Gesundheitsbewusstsein und Eigenverantwortung zu wecken und Medikamentenkonsum kritisch zu hinterfragen<\/p>\n","protected":false},"author":1,"featured_media":0,"parent":0,"menu_order":0,"comment_status":"closed","ping_status":"closed","template":"","meta":{"footnotes":""},"class_list":["post-46","page","type-page","status-publish"],"_links":{"self":[{"href":"https:\/\/hv-aue.de\/hv\/wp-json\/wp\/v2\/pages\/46","targetHints":{"allow":["GET"]}}],"collection":[{"href":"https:\/\/hv-aue.de\/hv\/wp-json\/wp\/v2\/pages"}],"about":[{"href":"https:\/\/hv-aue.de\/hv\/wp-json\/wp\/v2\/types\/page"}],"author":[{"embeddable":true,"href":"https:\/\/hv-aue.de\/hv\/wp-json\/wp\/v2\/users\/1"}],"replies":[{"embeddable":true,"href":"https:\/\/hv-aue.de\/hv\/wp-json\/wp\/v2\/comments?post=46"}],"version-history":[{"count":18,"href":"https:\/\/hv-aue.de\/hv\/wp-json\/wp\/v2\/pages\/46\/revisions"}],"predecessor-version":[{"id":683,"href":"https:\/\/hv-aue.de\/hv\/wp-json\/wp\/v2\/pages\/46\/revisions\/683"}],"wp:attachment":[{"href":"https:\/\/hv-aue.de\/hv\/wp-json\/wp\/v2\/media?parent=46"}],"curies":[{"name":"wp","href":"https:\/\/api.w.org\/{rel}","templated":true}]}}