{"id":2,"date":"2017-07-08T16:05:26","date_gmt":"2017-07-08T14:05:26","guid":{"rendered":"http:\/\/hv-aue.de\/hv\/?page_id=2"},"modified":"2024-03-21T20:28:03","modified_gmt":"2024-03-21T19:28:03","slug":"wir","status":"publish","type":"page","link":"https:\/\/hv-aue.de\/hv\/wir\/","title":{"rendered":"Wir \u00fcber uns"},"content":{"rendered":"<h1>Vereinsgeschichte<\/h1>\n<p><span style=\"font-size: 20px;\">Am 26. April 1927 wurde der hom\u00f6opathische Verein gegr\u00fcndet. 17 Personen w\u00e4hlten Ihren Vorstand. Dazu kamen 4 Beisitzer. Regelm\u00e4\u00dfig trafen sich die Mitglieder im damaligen Volkshaus. Heilpflanzen und ihre Wirkungsweise standen im Mittelpunkt, denn die chemische Industrie hatte sich erst viel sp\u00e4ter entwickelt. Hom\u00f6opathische Mittel konnten noch im Verein erworben werden, nachdem \u00fcber Beschwerden und Symptome eine Beratung stattgefunden hatte.<\/span><\/p>\n<p><span style=\"font-size: 20px;\">F\u00fcr Fachliteratur fehlten dem Verein die erforderlichen Mittel. Deshalb fanden Fachreferate statt und es wurden botanische Ausfl\u00fcge organisiert. Am 30.12.1940 fand laut Eintragung die letzte Ausschusssitzung statt.<\/span><\/p>\n<p><span style=\"font-size: 20px;\">Nach den Kriegswirren fanden sich hom\u00f6opathisch interessierte Menschen wieder, um den Verein weiterzuf\u00fchren.<\/span><\/p>\n<p><span style=\"font-size: 20px;\">Unserer aktuelle Infobrosch\u00fcre k\u00f6nnen Sie hier als <a href=\"https:\/\/hv-aue.de\/hv\/wp-content\/uploads\/2020\/02\/infobroschuere_2020oi.pdf\" target=\"_blank\" rel=\"noopener noreferrer\"><strong>PDF-Dokument<\/strong><\/a> herunterladen.<\/span><\/p>\n","protected":false},"excerpt":{"rendered":"<p>Vereinsgeschichte Am 26. April 1927 wurde der hom\u00f6opathische Verein gegr\u00fcndet. 17 Personen w\u00e4hlten Ihren Vorstand. Dazu kamen 4 Beisitzer. Regelm\u00e4\u00dfig trafen sich die Mitglieder im damaligen Volkshaus. Heilpflanzen und ihre Wirkungsweise standen im Mittelpunkt, denn die chemische Industrie hatte sich erst viel sp\u00e4ter entwickelt. Hom\u00f6opathische Mittel konnten noch im Verein erworben werden, nachdem \u00fcber Beschwerden [&hellip;]<\/p>\n","protected":false},"author":1,"featured_media":0,"parent":0,"menu_order":0,"comment_status":"closed","ping_status":"open","template":"","meta":{"footnotes":""},"class_list":["post-2","page","type-page","status-publish"],"_links":{"self":[{"href":"https:\/\/hv-aue.de\/hv\/wp-json\/wp\/v2\/pages\/2","targetHints":{"allow":["GET"]}}],"collection":[{"href":"https:\/\/hv-aue.de\/hv\/wp-json\/wp\/v2\/pages"}],"about":[{"href":"https:\/\/hv-aue.de\/hv\/wp-json\/wp\/v2\/types\/page"}],"author":[{"embeddable":true,"href":"https:\/\/hv-aue.de\/hv\/wp-json\/wp\/v2\/users\/1"}],"replies":[{"embeddable":true,"href":"https:\/\/hv-aue.de\/hv\/wp-json\/wp\/v2\/comments?post=2"}],"version-history":[{"count":9,"href":"https:\/\/hv-aue.de\/hv\/wp-json\/wp\/v2\/pages\/2\/revisions"}],"predecessor-version":[{"id":685,"href":"https:\/\/hv-aue.de\/hv\/wp-json\/wp\/v2\/pages\/2\/revisions\/685"}],"wp:attachment":[{"href":"https:\/\/hv-aue.de\/hv\/wp-json\/wp\/v2\/media?parent=2"}],"curies":[{"name":"wp","href":"https:\/\/api.w.org\/{rel}","templated":true}]}}